{"id":1342,"date":"2021-02-15T09:13:58","date_gmt":"2021-02-15T08:13:58","guid":{"rendered":"http:\/\/bistrotdusommelier.eu\/bds\/?page_id=1342"},"modified":"2026-03-04T09:01:17","modified_gmt":"2026-03-04T08:01:17","slug":"vdv","status":"publish","type":"page","link":"https:\/\/bistrotdusommelier.eu\/bds\/vdv\/","title":{"rendered":"Les Vendredis du Vigneron"},"content":{"rendered":"<p>[vc_row full_width=\u00a0\u00bbstretch_row\u00a0\u00bb css=\u00a0\u00bb.vc_custom_1601455499421{padding-bottom: 0px !important;}\u00a0\u00bb][vc_column width=\u00a0\u00bb1\/2&Prime;]\n\t<div class=\"title-subtitle-box \" style=\" margin-bottom:5px; text-align: left;\">\n\t\t<p style=\"\">Une tradition !<\/p>\n\t\t<h3 style=\" font-weight: normal;\" >Les Vendredis du Vigneron<\/h3>\n\t<\/div> [vc_column_text]<\/p>\n<p style=\"text-align: left;\" align=\"justify\">Philippe Faure-Brac organise dans son salon-cave, une table d\u2019h\u00f4te autour d\u2019un vigneron. Une occasion unique de partager la table d\u2019un grand vigneron et d\u2019un sommelier de renom.<\/p>\n<ul style=\"text-align: left;\">\n<li style=\"text-align: left;\">De 12 h 30 \u00e0 13 h 00 d\u00e9gustation en pr\u00e9sence du vigneron<br \/>\nsuivi \u00e0 13 h 00 du d\u00e9jeuner en trois accords &#8211; 65\u20ac (*)<\/li>\n<li style=\"text-align: left;\">De 20 h \u00e0 20 h 30 accueil par le vigneron<br \/>\nsuivi \u00e0 20 h 30 du d\u00eener en cinq accords &#8211; 95\u20ac (*)<\/li>\n<\/ul>\n<p style=\"text-align: left;\"><strong>Places limit\u00e9es. R\u00e9servation n\u00e9cessaire en ligne via le bouton ci-dessous en pr\u00e9cisant : REPAS VIGNERON, ou par t\u00e9l\u00e9phone : 01 42 65 24 85<\/strong><br \/>\n<strong><em>(*) Sauf prix sp\u00e9cial repas d&rsquo;exception &#8211; (D\u00e9jeuner-90\u20ac, Diner-120\u20ac).<\/em><\/strong><\/p>\n<p>[\/vc_column_text][vc_btn title=\u00a0\u00bbR\u00e9servation \/ Booking\u00a0\u00bb style=\u00a0\u00bbcustom\u00a0\u00bb custom_background=\u00a0\u00bb#000000&Prime; custom_text=\u00a0\u00bb#ffffff\u00a0\u00bb shape=\u00a0\u00bbsquare\u00a0\u00bb align=\u00a0\u00bbcenter\u00a0\u00bb link=\u00a0\u00bburl:https%3A%2F%2Fbistrotdusommelier.eu%2Fbds%2Freservation%2F|title:R%C3%A9servation%20%2F%20Booking\u00a0\u00bb][\/vc_column][vc_column width=\u00a0\u00bb1\/2&Prime;]\n\t<div class=\"title-subtitle-box \" style=\" margin-bottom:5px; text-align: left;\">\n\t\t<p style=\"\">A tradition !<\/p>\n\t\t<h3 style=\" font-weight: normal;\" >The Wine Grower Fridays!<\/h3>\n\t<\/div> [vc_column_text]<\/p>\n<p style=\"text-align: left;\" align=\"justify\">Philippe Faure-Brac organizes in its basement lounge, a table d\u2019h\u00f4te around a wine grower. An once-in-a-lifetime opportunity to share the table of a great wine grower and a renowned sommelier.<\/p>\n<ul>\n<li style=\"text-align: left;\">De 12 h 30 \u00e0 13 h 00 tasting in the presence of the winegrower<br \/>\nfollowed at 13 h 00 by a three-pair lunch &#8211; 65\u20ac (*)<\/li>\n<li style=\"text-align: left;\">De 20 h 00 \u00e0 20 h 30 welcome time by the winegrower<br \/>\nfollowed at 20 h 30 by a five-pairing dinner &#8211; 95\u20ac (*)<\/li>\n<\/ul>\n<p style=\"text-align: justify;\"><strong>Limited places. Reservations are required online via the button below, specifying: WINEMAKER&rsquo;S MEAL, or by phone: 01 42 65 24 85<\/strong><br \/>\n<strong><em>(*) Without exceptional meals, special price &#8211; (Lunch-90\u20ac, Dinner-120\u20ac).<br \/>\n<\/em><\/strong><\/p>\n<p>[\/vc_column_text][vc_btn title=\u00a0\u00bbR\u00e9servation \/ Booking\u00a0\u00bb style=\u00a0\u00bbcustom\u00a0\u00bb custom_background=\u00a0\u00bb#000000&Prime; custom_text=\u00a0\u00bb#ffffff\u00a0\u00bb shape=\u00a0\u00bbsquare\u00a0\u00bb align=\u00a0\u00bbcenter\u00a0\u00bb link=\u00a0\u00bburl:https%3A%2F%2Fbistrotdusommelier.eu%2Fbds%2Freservation%2F|title:R%C3%A9servation%20%2F%20Booking\u00a0\u00bb][\/vc_column][\/vc_row][vc_row equal_height=\u00a0\u00bbyes\u00a0\u00bb content_placement=\u00a0\u00bbmiddle\u00a0\u00bb css=\u00a0\u00bb.vc_custom_1685090975138{margin-top: 0px !important;margin-bottom: 0px !important;border-top-width: 0px !important;border-bottom-width: 0px !important;padding-top: 0px !important;padding-bottom: 0px !important;}\u00a0\u00bb][vc_column css=\u00a0\u00bb.vc_custom_1685091021802{padding-top: 0px !important;padding-right: 0px !important;padding-bottom: 0px !important;padding-left: 0px !important;}\u00a0\u00bb offset=\u00a0\u00bbvc_col-lg-6 vc_col-md-6&Prime;]\n\t<div class=\"title-subtitle-box \" style=\" margin-bottom:5px; text-align: center;\">\n\t\t<p style=\"\">En cave \/ Table d'h\u00f4te<\/p>\n\t\t<h3 style=\" font-weight: normal;\" >D\u00e9gustation \/ Inspiration<\/h3>\n\t<\/div> \n\t<div class=\"title-subtitle-box \" style=\" margin-bottom:10px; text-align: center;\">\n\t\t<h4 style=\" font-weight: normal;\" >Les prochaines dates des VDV<\/h4>\n\t<\/div> [vc_column_text css=\u00a0\u00bb.vc_custom_1769430908491{margin-top: 0px !important;margin-bottom: 0px !important;border-top-width: 0px !important;border-bottom-width: 0px !important;padding-top: 10px !important;padding-bottom: 10px !important;}\u00a0\u00bb]<\/p>\n<h4 style=\"text-align: center;\"><span style=\"color: #b0976d;\"><strong><em>Programme\u00a0 2026<br \/>\n<\/em><\/strong><\/span><span style=\"color: #b0976d;\"><em>(Sous r\u00e9serve de modification)<\/em><\/span><\/h4>\n<p>[\/vc_column_text][vc_column_text css=\u00a0\u00bb.vc_custom_1772463480739{margin-top: 0px !important;margin-bottom: 0px !important;border-top-width: 0px !important;border-bottom-width: 0px !important;padding-top: 10px !important;padding-bottom: 10px !important;}\u00a0\u00bb]<\/p>\n<p style=\"text-align: center;\"><strong>Le 13 mars<\/strong><em><strong>\u00a0<\/strong><a href=\"https:\/\/bistrotdusommelier.eu\/bds\/reservation-booking\/\">(r\u00e9servez cette date ici)<\/a><br \/>\n<a href=\"https:\/\/www.chateaudelachaize.fr\/fr_FR\/\">Ch\u00e2teau de La Chaize \u2013 Beaujolais Brouilly<\/a><br \/>\navec la pr\u00e9sence de Boris Gruy<br \/>\n(d\u00e9jeuner : 65\u20ac &#8211; d\u00eener : 95\u20ac)<\/em><\/p>\n<p>[\/vc_column_text][vc_column_text css=\u00a0\u00bb.vc_custom_1772462971349{margin-top: 0px !important;margin-bottom: 0px !important;border-top-width: 0px !important;border-bottom-width: 0px !important;padding-top: 10px !important;padding-bottom: 10px !important;}\u00a0\u00bb]<\/p>\n<p style=\"text-align: center;\"><strong>Le 20 mars\u00a0<\/strong><em><a href=\"https:\/\/bistrotdusommelier.eu\/bds\/reservation-booking\/\">(r\u00e9servez cette date ici)<\/a><br \/>\n<a href=\"https:\/\/anvichar.com\/\">Ch\u00e2teau d\u2019Anvichar \u2013 Castillon C\u00f4tes de Bordeaux<\/a><br \/>\navec la pr\u00e9sencce de Carol Zaist<br \/>\n(d\u00e9jeuner : 65\u20ac &#8211; d\u00eener : 95\u20ac)<\/em><\/p>\n<p>[\/vc_column_text][vc_column_text css=\u00a0\u00bb.vc_custom_1772462978289{margin-top: 0px !important;margin-bottom: 0px !important;border-top-width: 0px !important;border-bottom-width: 0px !important;padding-top: 10px !important;padding-bottom: 10px !important;}\u00a0\u00bb]<\/p>\n<p style=\"text-align: center;\"><strong>Le 27 mars\u00a0<\/strong><em><a href=\"https:\/\/bistrotdusommelier.eu\/bds\/reservation-booking\/\">(r\u00e9servez cette date ici)<\/a><br \/>\n<a href=\"https:\/\/www.les-bugadelles.com\/\">Ch\u00e2teau Les Bugadelles \u2013 La Clape en Languedoc<\/a><br \/>\navec la pr\u00e9sence de Walter Adam<br \/>\n(d\u00e9jeuner : 65\u20ac &#8211; d\u00eener : 95\u20ac)<\/em><\/p>\n<p>[\/vc_column_text][\/vc_column][vc_column css=\u00a0\u00bb.vc_custom_1685090990475{margin-top: 0px !important;margin-right: 0px !important;margin-bottom: 0px !important;margin-left: 0px !important;border-top-width: 0px !important;border-right-width: 0px !important;border-bottom-width: 0px !important;border-left-width: 0px !important;padding-top: 0px !important;padding-right: 0px !important;padding-bottom: 0px !important;padding-left: 0px !important;}\u00a0\u00bb offset=\u00a0\u00bbvc_col-lg-6 vc_col-md-6&Prime;][vc_single_image image=\u00a0\u00bb1489&Prime; img_size=\u00a0\u00bbfull\u00a0\u00bb css=\u00a0\u00bb.vc_custom_1685091002038{margin-top: 0px !important;margin-right: 0px !important;margin-bottom: 0px !important;margin-left: 0px !important;border-top-width: 0px !important;border-right-width: 0px !important;border-bottom-width: 0px !important;border-left-width: 0px !important;padding-top: 0px !important;padding-right: 0px !important;padding-bottom: 0px !important;padding-left: 0px !important;}\u00a0\u00bb][\/vc_column][\/vc_row][vc_row equal_height=\u00a0\u00bbyes\u00a0\u00bb content_placement=\u00a0\u00bbmiddle\u00a0\u00bb css=\u00a0\u00bb.vc_custom_1685091401276{margin-top: 0px !important;margin-bottom: 0px !important;border-top-width: 0px !important;border-bottom-width: 0px !important;padding-top: 0px !important;padding-bottom: 0px !important;}\u00a0\u00bb][vc_column css=\u00a0\u00bb.vc_custom_1685091414517{margin-top: 0px !important;margin-right: 0px !important;margin-bottom: 0px !important;margin-left: 0px !important;border-top-width: 0px !important;border-right-width: 0px !important;border-bottom-width: 0px !important;border-left-width: 0px !important;padding-top: 0px !important;padding-right: 0px !important;padding-bottom: 0px !important;padding-left: 0px !important;}\u00a0\u00bb offset=\u00a0\u00bbvc_col-lg-6 vc_col-md-6&Prime;][vc_single_image image=\u00a0\u00bb1277&Prime; img_size=\u00a0\u00bbfull\u00a0\u00bb alignment=\u00a0\u00bbcenter\u00a0\u00bb css=\u00a0\u00bb.vc_custom_1685091423443{margin-top: 0px !important;margin-right: 0px !important;margin-bottom: 0px !important;margin-left: 0px !important;border-top-width: 0px !important;border-right-width: 0px !important;border-bottom-width: 0px !important;border-left-width: 0px !important;padding-top: 0px !important;padding-right: 0px !important;padding-bottom: 0px !important;padding-left: 0px !important;}\u00a0\u00bb][\/vc_column][vc_column css=\u00a0\u00bb.vc_custom_1685091443764{margin-top: 0px !important;margin-right: 0px !important;margin-bottom: 0px !important;margin-left: 0px !important;border-top-width: 0px !important;border-right-width: 0px !important;border-bottom-width: 0px !important;border-left-width: 0px !important;padding-top: 0px !important;padding-right: 0% !important;padding-bottom: 0px !important;padding-left: 0px !important;}\u00a0\u00bb offset=\u00a0\u00bbvc_col-lg-6 vc_col-md-6&Prime;]\n\t<div class=\"title-subtitle-box \" style=\" margin-bottom:5px; text-align: center;\">\n\t\t<p style=\"\">In cellar \/ Host table<\/p>\n\t\t<h3 style=\" font-weight: normal;\" >Tasting \/ Inspiration<\/h3>\n\t<\/div> \n\t<div class=\"title-subtitle-box \" style=\" margin-bottom:10px; text-align: center;\">\n\t\t<h4 style=\" font-weight: normal;\" >The next dates for VDV<\/h4>\n\t<\/div> [vc_column_text css=\u00a0\u00bb.vc_custom_1769430991411{margin-top: 0px !important;margin-bottom: 0px !important;border-top-width: 0px !important;border-bottom-width: 0px !important;padding-top: 0px !important;padding-bottom: 0px !important;}\u00a0\u00bb]<\/p>\n<h4 style=\"text-align: center;\"><span style=\"color: #b0976d;\"><strong><em>Programme\u00a0 2026<br \/>\n<\/em><\/strong><\/span><span style=\"color: #b0976d;\"><em>(Sous r\u00e9serve de modification)<\/em><\/span><\/h4>\n<p>[\/vc_column_text][vc_column_text css=\u00a0\u00bb.vc_custom_1772462987552{margin-top: 0px !important;margin-bottom: 0px !important;border-top-width: 0px !important;border-bottom-width: 0px !important;padding-top: 10px !important;padding-bottom: 10px !important;}\u00a0\u00bb]<\/p>\n<p style=\"text-align: center;\"><strong>Le 17 avril\u00a0<\/strong><em><a href=\"https:\/\/bistrotdusommelier.eu\/bds\/reservation-booking\/\">(r\u00e9servez cette date ici)<\/a><br \/>\n<a href=\"https:\/\/lodylee.com\/\">Domaine de L\u2019Odyl\u00e9e \u2013 C\u00f4tes du Rh\u00f4ne<\/a><br \/>\navec la pr\u00e9sence d&rsquo;Odile Couvert<br \/>\n(d\u00e9jeuner : 65\u20ac &#8211; d\u00eener : 95\u20ac)<\/em><\/p>\n<p>[\/vc_column_text][vc_column_text css=\u00a0\u00bb.vc_custom_1772462994753{margin-top: 0px !important;margin-bottom: 0px !important;border-top-width: 0px !important;border-bottom-width: 0px !important;padding-top: 10px !important;padding-bottom: 10px !important;}\u00a0\u00bb]<\/p>\n<p style=\"text-align: center;\"><strong>Le 29 mai<\/strong><em> <a href=\"https:\/\/bistrotdusommelier.eu\/bds\/reservation-booking\/\">(r\u00e9servez cette date ici)<\/a><br \/>\n<a href=\"https:\/\/www.fresneau.fr\/\">Domaine de C\u00e9zin \u2013 Coteaux du Loir \/ Jasni\u00e8res<\/a><br \/>\navec la pr\u00e9sence d&rsquo;Anne Gleyze<br \/>\n(d\u00e9jeuner : 65\u20ac &#8211; d\u00eener : 95\u20ac)<\/em><\/p>\n<p>[\/vc_column_text][vc_column_text css=\u00a0\u00bb.vc_custom_1772611271303{margin-top: 0px !important;margin-bottom: 0px !important;border-top-width: 0px !important;border-bottom-width: 0px !important;padding-top: 10px !important;padding-bottom: 10px !important;}\u00a0\u00bb]<\/p>\n<p style=\"text-align: center;\"><strong>Le 5 juin<\/strong><em> <a href=\"https:\/\/bistrotdusommelier.eu\/bds\/reservation-booking\/\">(r\u00e9servez cette date ici)<\/a><br \/>\n<a href=\"https:\/\/la-vieille-cure.com\/\">Ch\u00e2teau La Vieille Cure \u2013 Fronsac<\/a><br \/>\navec la pr\u00e9sence de Hugues Labre<br \/>\n(d\u00e9jeuner : 65\u20ac &#8211; d\u00eener : 95\u20ac)<\/em><\/p>\n<p>[\/vc_column_text][vc_column_text css=\u00a0\u00bb.vc_custom_1772611263667{margin-top: 0px !important;margin-bottom: 0px !important;border-top-width: 0px !important;border-bottom-width: 0px !important;padding-top: 10px !important;padding-bottom: 10px !important;}\u00a0\u00bb]<\/p>\n<p style=\"text-align: center;\"><strong>Le 12 juin<\/strong><em> <a href=\"https:\/\/bistrotdusommelier.eu\/bds\/reservation-booking\/\">(r\u00e9servez cette date ici)<\/a><br \/>\n<a href=\"https:\/\/www.domainefl.com\/\">Domaine FL \u2013 Anjou &amp; Savenni\u00e8res<\/a><br \/>\navec la pr\u00e9sence de Julien Fournier<br \/>\n(d\u00e9jeuner : 65\u20ac &#8211; d\u00eener : 95\u20ac)<\/em><\/p>\n<p>[\/vc_column_text][\/vc_column][\/vc_row][vc_row equal_height=\u00a0\u00bbyes\u00a0\u00bb css=\u00a0\u00bb.vc_custom_1601457703288{padding-top: 0px !important;padding-right: 0px !important;padding-bottom: 20px !important;padding-left: 0px !important;}\u00a0\u00bb][vc_column width=\u00a0\u00bb1\/2&Prime; css=\u00a0\u00bb.vc_custom_1466159675532{padding: 18% !important;background-color: #b0976d !important;}\u00a0\u00bb][vc_icon icon_fontawesome=\u00a0\u00bbfas fa-utensils\u00a0\u00bb color=\u00a0\u00bbcustom\u00a0\u00bb background_style=\u00a0\u00bbrounded\u00a0\u00bb background_color=\u00a0\u00bbwhite\u00a0\u00bb align=\u00a0\u00bbcenter\u00a0\u00bb custom_color=\u00a0\u00bb#b0976d\u00a0\u00bb]\n\t<div class=\"title-subtitle-box \" style=\" text-align: center;\">\n\t\t<p style=\" color:rgba(255,255,255,0.7); \">Les Vendredis du vigneron<\/p>\n\t\t<h3 style=\" color:#ffffff;  font-weight: normal;\" >R\u00e9server<\/h3>\n\t<\/div> \n\t<div class=\"title-subtitle-box \" style=\" text-align: center;\">\n\t\t<p style=\" color:rgba(255,255,255,0.7); \">The Wine grower fridays<\/p>\n\t\t<h3 style=\" color:#ffffff;  font-weight: normal;\" >Make a reservation<\/h3>\n\t<\/div> [vc_btn title=\u00a0\u00bbR\u00e9servation \/ Booking\u00a0\u00bb style=\u00a0\u00bbcustom\u00a0\u00bb custom_background=\u00a0\u00bb#000000&Prime; custom_text=\u00a0\u00bb#ffffff\u00a0\u00bb shape=\u00a0\u00bbsquare\u00a0\u00bb align=\u00a0\u00bbcenter\u00a0\u00bb link=\u00a0\u00bburl:https%3A%2F%2Fbistrotdusommelier.eu%2Fbds%2Freservation%2F|title:R%C3%A9servation%20%2F%20Booking\u00a0\u00bb][\/vc_column][vc_column width=\u00a0\u00bb1\/2&Prime; css=\u00a0\u00bb.vc_custom_1466159685700{padding: 18% !important;background-color: #000000 !important;}\u00a0\u00bb][vc_icon icon_fontawesome=\u00a0\u00bbfas fa-phone\u00a0\u00bb color=\u00a0\u00bbcustom\u00a0\u00bb background_style=\u00a0\u00bbrounded\u00a0\u00bb background_color=\u00a0\u00bbwhite\u00a0\u00bb align=\u00a0\u00bbcenter\u00a0\u00bb custom_color=\u00a0\u00bb#000000&Prime;]\n\t<div class=\"title-subtitle-box \" style=\" text-align: center;\">\n\t\t<p style=\" color:rgba(255,255,255,0.7); \">Les Vendredis du vigneron<\/p>\n\t\t<h3 style=\" color:#ffffff;  font-weight: normal;\" >R\u00e9server<\/h3>\n\t<\/div> \n\t<div class=\"title-subtitle-box \" style=\" text-align: center;\">\n\t\t<p style=\" color:rgba(255,255,255,0.7); \">The Wine grower fridays<\/p>\n\t\t<h3 style=\" color:#ffffff;  font-weight: normal;\" >Make a reservation<\/h3>\n\t<\/div> [vc_btn title=\u00a0\u00bbContactez-nous \/ Contact us\u00a0\u00bb style=\u00a0\u00bbcustom\u00a0\u00bb custom_background=\u00a0\u00bb#b0976d\u00a0\u00bb custom_text=\u00a0\u00bb#ffffff\u00a0\u00bb shape=\u00a0\u00bbsquare\u00a0\u00bb align=\u00a0\u00bbcenter\u00a0\u00bb link=\u00a0\u00bburl:https%3A%2F%2Fbistrotdusommelier.eu%2Fbds%2Fcontact%2F|title:Nous%20contacter\u00a0\u00bb][\/vc_column][\/vc_row][vc_row css=\u00a0\u00bb.vc_custom_1601457685891{margin-top: 0px !important;padding-top: 0px !important;padding-bottom: 60px !important;}\u00a0\u00bb][vc_column css=\u00a0\u00bb.vc_custom_1601457648083{padding-top: 10px !important;padding-bottom: 10px !important;}\u00a0\u00bb]\n\t<div class=\"title-subtitle-box \" style=\" margin-bottom:5px; text-align: center;\">\n\t\t<h4 style=\" color:#b0976d;  font-weight: normal;\" >Places limit\u00e9es. R\u00e9servation n\u00e9cessaire au 01 42 65 24 85<\/h4>\n\t<\/div> \n\t<div class=\"title-subtitle-box \" style=\" margin-bottom:50px; text-align: center;\">\n\t\t<h4 style=\" color:#b0976d;  font-weight: normal;\" >Limited places. Reservation required at +33 1 42 65 24 85<\/h4>\n\t<\/div> [\/vc_column][\/vc_row][vc_row css=\u00a0\u00bb.vc_custom_1601457685891{margin-top: 0px !important;padding-top: 0px !important;padding-bottom: 60px !important;}\u00a0\u00bb][vc_column css=\u00a0\u00bb.vc_custom_1601457648083{padding-top: 10px !important;padding-bottom: 10px !important;}\u00a0\u00bb]\n\t<div class=\"title-subtitle-box \" style=\" margin-bottom:5px; text-align: center;\">\n\t\t<h4 style=\" color:#b0976d;  font-weight: normal;\" >Nos archives des Vendredis du Vigneron<\/h4>\n\t<\/div> [vc_column_text css=\u00a0\u00bb.vc_custom_1738019066020{margin-top: 0px !important;margin-bottom: 0px !important;border-top-width: 0px !important;border-bottom-width: 0px !important;padding-top: 10px !important;padding-bottom: 10px !important;}\u00a0\u00bb]<\/p>\n<h4 style=\"text-align: center;\"><span style=\"color: #b0976d;\"><strong><em>Archives 2024<\/em><\/strong><\/span><\/h4>\n<p>[\/vc_column_text][vc_column_text css=\u00a0\u00bb.vc_custom_1738019182830{margin-top: 0px !important;margin-bottom: 0px !important;border-top-width: 0px !important;border-bottom-width: 0px !important;padding-top: 10px !important;padding-bottom: 10px !important;}\u00a0\u00bb]<\/p>\n<p style=\"text-align: center;\"><strong>Le 20 d\u00e9cembre<br \/>\n<\/strong><strong><a href=\"https:\/\/www.champagne-pierre-mignon.com\/prehome-fr.php\">Soir\u00e9e Champagne Pierre Mignon<\/a><br \/>\n<\/strong>D\u00e9gustation de 6 champagnes avec la pr\u00e9sence de C\u00e9line Mignon<\/p>\n<p>[\/vc_column_text][vc_column_text css=\u00a0\u00bb.vc_custom_1738019315105{margin-top: 0px !important;margin-bottom: 0px !important;border-top-width: 0px !important;border-bottom-width: 0px !important;padding-top: 10px !important;padding-bottom: 10px !important;}\u00a0\u00bb]<\/p>\n<p style=\"text-align: center;\"><strong>Le 13 d\u00e9cembre<br \/>\n<\/strong><strong><a href=\"https:\/\/chateaudeparnay.fr\/\">Ch\u00e2teau de Parnay \u2013 Le clos d\u2019entre les murs Saumur La Loire historique<\/a><br \/>\n<\/strong>en pr\u00e9sence de Fr\u00e9drik Filliatreau<\/p>\n<p>[\/vc_column_text][vc_column_text css=\u00a0\u00bb.vc_custom_1738019387347{margin-top: 0px !important;margin-bottom: 0px !important;border-top-width: 0px !important;border-bottom-width: 0px !important;padding-top: 10px !important;padding-bottom: 10px !important;}\u00a0\u00bb]<\/p>\n<p style=\"text-align: center;\"><strong>Le 29 novembre<br \/>\n<\/strong><strong><a href=\"https:\/\/www.canetvalette.com\/\">Ch\u00e2teau CANET VALETTE \u2013 Saint-Chinian, fameux terroir du Languedoc<\/a><br \/>\n<\/strong>Famille Valette<\/p>\n<p>[\/vc_column_text][vc_column_text css=\u00a0\u00bb.vc_custom_1738019466269{margin-top: 0px !important;margin-bottom: 0px !important;border-top-width: 0px !important;border-bottom-width: 0px !important;padding-top: 10px !important;padding-bottom: 10px !important;}\u00a0\u00bb]<\/p>\n<p style=\"text-align: center;\"><strong>Le 22 novembre<br \/>\n<\/strong><strong><a href=\"https:\/\/www.chateaudepommard.com\/fr\">Ch\u00e2teau de Pommard (Sas Vivant Wines) \u2013 Pommard, Grand Vin de Bourgogne<\/a><br \/>\n<\/strong>en pr\u00e9sence d&rsquo;Etienne Payet<\/p>\n<p>[\/vc_column_text][vc_column_text css=\u00a0\u00bb.vc_custom_1699428936499{margin-top: 0px !important;margin-bottom: 0px !important;border-top-width: 0px !important;border-bottom-width: 0px !important;padding-top: 10px !important;padding-bottom: 10px !important;}\u00a0\u00bb]<\/p>\n<h4 style=\"text-align: center;\"><span style=\"color: #b0976d;\"><strong><em>Archives 2023<\/em><\/strong><\/span><\/h4>\n<p>[\/vc_column_text][vc_column_text css=\u00a0\u00bb.vc_custom_1696326665384{margin-top: 0px !important;margin-bottom: 0px !important;border-top-width: 0px !important;border-bottom-width: 0px !important;padding-top: 10px !important;padding-bottom: 0px !important;}\u00a0\u00bb]<\/p>\n<p style=\"text-align: center;\"><strong>Le 6 octobre 2023<br \/>\n<\/strong>Soir\u00e9e Sp\u00e9ciale Coupe du Monde de Rugby<br \/>\nLe match se passe aussi en d\u00e9gustation de vins France vs Italie<\/p>\n<p>[\/vc_column_text][vc_column_text css=\u00a0\u00bb.vc_custom_1694579514955{margin-top: 0px !important;margin-bottom: 0px !important;border-top-width: 0px !important;border-bottom-width: 0px !important;padding-top: 10px !important;padding-bottom: 10px !important;}\u00a0\u00bb]<\/p>\n<p style=\"text-align: center;\"><strong>Le 13 octobre 2023<br \/>\n<\/strong>\u00a0Les vins d\u2019Ajaccio et de Roumanie du <a href=\"https:\/\/www.domaineperaldi.com\/\">Domaine comte Peraldi<\/a>.<\/p>\n<p>[\/vc_column_text][vc_column_text css=\u00a0\u00bb.vc_custom_1727350766018{margin-top: 0px !important;margin-bottom: 0px !important;border-top-width: 0px !important;border-bottom-width: 0px !important;padding-top: 10px !important;padding-bottom: 10px !important;}\u00a0\u00bb]<\/p>\n<p style=\"text-align: center;\"><strong>Le 4 octobre<br \/>\n<\/strong><a href=\"https:\/\/rabasse-charavin.com\/\">Domaine Rabasse Charavin &#8211; Cairanne et Rasteau, les p\u00e9pites de la Vall\u00e9e du Rh\u00f4ne Sud<\/a><br \/>\nFamille Couturier<\/p>\n<p>[\/vc_column_text][vc_column_text css=\u00a0\u00bb.vc_custom_1730279614716{margin-top: 0px !important;margin-bottom: 0px !important;border-top-width: 0px !important;border-bottom-width: 0px !important;padding-top: 10px !important;padding-bottom: 10px !important;}\u00a0\u00bb]<\/p>\n<p style=\"text-align: center;\"><strong>Le 25 octobre<br \/>\n<\/strong><a href=\"https:\/\/www.bargemone.com\/\">Domaine Bargemone &#8211; Le charme des Coteaux d&rsquo;Aix-en-Provence<\/a><br \/>\nPierre Einaudi<\/p>\n<p>[\/vc_column_text][\/vc_column][\/vc_row][vc_row full_width=\u00a0\u00bbstretch_row\u00a0\u00bb css=\u00a0\u00bb.vc_custom_1601244335420{padding-right: 10% !important;padding-left: 10% !important;background-color: #f1f1f1 !important;}\u00a0\u00bb][vc_column css=\u00a0\u00bb.vc_custom_1601244199663{padding-top: 0px !important;}\u00a0\u00bb]\n\t<div class=\"title-subtitle-box \" style=\" text-align: center;\">\n\t\t<p style=\"\">Restez connecter<\/p>\n\t\t<h3 style=\" font-weight: normal;\" >Inscrivez-vous \u00e0 la Newsletter<\/h3>\n\t<\/div> [vc_btn title=\u00a0\u00bbInscription\u00a0\u00bb style=\u00a0\u00bbcustom\u00a0\u00bb custom_background=\u00a0\u00bb#b0976d\u00a0\u00bb custom_text=\u00a0\u00bb#ffffff\u00a0\u00bb shape=\u00a0\u00bbsquare\u00a0\u00bb align=\u00a0\u00bbcenter\u00a0\u00bb link=\u00a0\u00bburl:https%3A%2F%2Fbistrotdusommelier.eu%2Fbds%2Fnewsletter%2F|title:Inscription%20%C3%A0%20la%20Newsletter\u00a0\u00bb css=\u00a0\u00bb.vc_custom_1623410129814{margin-bottom: 0px !important;}\u00a0\u00bb][\/vc_column][\/vc_row]<\/p>\n","protected":false},"excerpt":{"rendered":"<p>[vc_row full_width=\u00a0\u00bbstretch_row\u00a0\u00bb css=\u00a0\u00bb.vc_custom_1601455499421{padding-bottom: 0px !important;}\u00a0\u00bb][vc_column width=\u00a0\u00bb1\/2&Prime;][vc_column_text] Philippe Faure-Brac organise dans son salon-cave, une table d\u2019h\u00f4te autour d\u2019un vigneron. Une occasion unique de partager la table d\u2019un grand vigneron et d\u2019un sommelier de renom. De 12 h 30 \u00e0 13 h 00 d\u00e9gustation en pr\u00e9sence du vigneron suivi \u00e0 13 h 00 du d\u00e9jeuner en trois<br class=\"read-more-spacer\"> <a class=\"more-link\" href=\"https:\/\/bistrotdusommelier.eu\/bds\/vdv\/\">Read More<\/a><\/p>\n","protected":false},"author":1,"featured_media":1307,"parent":0,"menu_order":0,"comment_status":"closed","ping_status":"closed","template":"","meta":{"footnotes":""},"class_list":["post-1342","page","type-page","status-publish","has-post-thumbnail","hentry"],"_links":{"self":[{"href":"https:\/\/bistrotdusommelier.eu\/bds\/wp-json\/wp\/v2\/pages\/1342","targetHints":{"allow":["GET"]}}],"collection":[{"href":"https:\/\/bistrotdusommelier.eu\/bds\/wp-json\/wp\/v2\/pages"}],"about":[{"href":"https:\/\/bistrotdusommelier.eu\/bds\/wp-json\/wp\/v2\/types\/page"}],"author":[{"embeddable":true,"href":"https:\/\/bistrotdusommelier.eu\/bds\/wp-json\/wp\/v2\/users\/1"}],"replies":[{"embeddable":true,"href":"https:\/\/bistrotdusommelier.eu\/bds\/wp-json\/wp\/v2\/comments?post=1342"}],"version-history":[{"count":136,"href":"https:\/\/bistrotdusommelier.eu\/bds\/wp-json\/wp\/v2\/pages\/1342\/revisions"}],"predecessor-version":[{"id":2015,"href":"https:\/\/bistrotdusommelier.eu\/bds\/wp-json\/wp\/v2\/pages\/1342\/revisions\/2015"}],"wp:featuredmedia":[{"embeddable":true,"href":"https:\/\/bistrotdusommelier.eu\/bds\/wp-json\/wp\/v2\/media\/1307"}],"wp:attachment":[{"href":"https:\/\/bistrotdusommelier.eu\/bds\/wp-json\/wp\/v2\/media?parent=1342"}],"curies":[{"name":"wp","href":"https:\/\/api.w.org\/{rel}","templated":true}]}}