{"id":1382,"date":"2021-05-11T10:28:04","date_gmt":"2021-05-11T08:28:04","guid":{"rendered":"https:\/\/bistrotdusommelier.eu\/bds\/?page_id=1382"},"modified":"2025-08-27T14:08:02","modified_gmt":"2025-08-27T12:08:02","slug":"reservation-booking","status":"publish","type":"page","link":"https:\/\/bistrotdusommelier.eu\/bds\/reservation-booking\/","title":{"rendered":"R\u00e9servation \/ Booking"},"content":{"rendered":"<p>[vc_row full_width=\u00a0\u00bbstretch_row\u00a0\u00bb css=\u00a0\u00bb.vc_custom_1601245769870{padding-top: 0px !important;padding-bottom: 0px !important;background-color: #f7f7f7 !important;}\u00a0\u00bb][vc_column width=\u00a0\u00bb1\/2&Prime; css=\u00a0\u00bb.vc_custom_1620724870183{padding-top: 10% !important;padding-right: 10% !important;padding-bottom: 0px !important;}\u00a0\u00bb]\n\t<div class=\"title-subtitle-box \" style=\" text-align: center;\">\n\t\t<p style=\"\">R\u00e9servation \/ Booking<\/p>\n\t<\/div> [vc_column_text]La r\u00e9servation en ligne est disponible : \/ Online booking is available:[\/vc_column_text][vc_column_text]<\/p>\n<p style=\"text-align: center;\"><iframe loading=\"lazy\" src=\"https:\/\/ib.guestonline.fr\/instabook\/bookings\/hJkpVhG\" width=\"340px\" height=\"450px\" frameborder=\"0\" scrolling=\"yes\"><\/iframe><\/p>\n<p>[\/vc_column_text][vc_column_text]Nous sommes \u00e9galement \u00e0 votre \u00e9coute pour vos r\u00e9servations au :<br \/>\nWe are also at your disposal for your reservations at:<br \/>\nT\u00e9l\/Phone : +33 (0)1 42 65 24 85<br \/>\nCourriel\/Mail :\u00a0<a href=\"mailto:bistrotdusommelier@orange.fr\">bistrotdusommelier@orange.fr<\/a>[\/vc_column_text][\/vc_column][vc_column width=\u00a0\u00bb1\/2&Prime; css=\u00a0\u00bb.vc_custom_1620724880174{padding-top: 10% !important;padding-bottom: 0px !important;}\u00a0\u00bb][vc_single_image image=\u00a0\u00bb1302&Prime; img_size=\u00a0\u00bblarge\u00a0\u00bb alignment=\u00a0\u00bbcenter\u00a0\u00bb][\/vc_column][\/vc_row][vc_row css=\u00a0\u00bb.vc_custom_1620724908737{padding-top: 10% !important;padding-bottom: 0px !important;}\u00a0\u00bb][vc_column width=\u00a0\u00bb1\/2&Prime; css=\u00a0\u00bb.vc_custom_1620725150118{margin-top: 0px !important;margin-right: 0px !important;margin-bottom: 0px !important;margin-left: 0px !important;border-top-width: 0px !important;border-right-width: 0px !important;border-bottom-width: 0px !important;border-left-width: 0px !important;padding-top: 0px !important;padding-right: 0px !important;padding-bottom: 0px !important;padding-left: 0px !important;}\u00a0\u00bb]\n\t<div class=\"title-subtitle-box \" style=\" text-align: left;\">\n\t\t<p style=\"\">Restaurant<\/p>\n\t\t<h3 style=\" font-weight: normal;\" >Horaires D\u00e9jeuner \/ Lunch Hours<\/h3>\n\t<\/div> <div class=\"gg-horizontal-list \"><p class=\"subtitle\"><\/p><dl class=\"horizontal\">\n\t<dt >Lundi \/ Monday - Vendredi \/ Friday<\/dt>\n\t<dd >12:00 - 14:30<\/dd>\n\t<dt >Samedi \/ Saturday &amp; Dimanche \/ Sunday<\/dt>\n\t<dd >Ferm\u00e9 - Closed<\/dd><\/dl><\/div>[\/vc_column][vc_column width=\u00a0\u00bb1\/2&Prime; css=\u00a0\u00bb.vc_custom_1620725164506{margin-top: 0px !important;margin-right: 0px !important;margin-bottom: 0px !important;margin-left: 0px !important;border-top-width: 0px !important;border-right-width: 0px !important;border-bottom-width: 0px !important;border-left-width: 0px !important;padding-top: 0px !important;padding-right: 0px !important;padding-bottom: 0px !important;padding-left: 0px !important;}\u00a0\u00bb]\n\t<div class=\"title-subtitle-box \" style=\" text-align: left;\">\n\t\t<p style=\"\">Restaurant<\/p>\n\t\t<h3 style=\" font-weight: normal;\" >Horaires D\u00eener \/ Dinner Hours<\/h3>\n\t<\/div> <div class=\"gg-horizontal-list \"><p class=\"subtitle\"><\/p><dl class=\"horizontal\">\n\t<dt >Lundi \/ Monday - Vendredi \/ Friday<\/dt>\n\t<dd >19:00 - 22:30<\/dd>\n\t<dt >Samedi \/ Saturday &amp; Dimanche \/ Sunday<\/dt>\n\t<dd >Ferm\u00e9 - Closed<\/dd><\/dl><\/div>[\/vc_column][\/vc_row][vc_row full_width=\u00a0\u00bbstretch_row_content_no_spaces\u00a0\u00bb css=\u00a0\u00bb.vc_custom_1620724638055{padding-top: 0px !important;padding-right: 10% !important;padding-bottom: 0px !important;padding-left: 10% !important;}\u00a0\u00bb][vc_column css=\u00a0\u00bb.vc_custom_1620724550894{padding-top: 0px !important;padding-bottom: 0px !important;}\u00a0\u00bb]\n\t<div class=\"title-subtitle-box \" style=\" text-align: center;\">\n\t\t<p style=\"\">R\u00e9servation \/ Booking<\/p>\n\t\t<h3 style=\" font-weight: normal;\" >R\u00e9servez par t\u00e9l\u00e9phone au : +33 (0)1 42 65 24 85<\/h3>\n\t<\/div> [\/vc_column][\/vc_row][vc_row equal_height=\u00a0\u00bbyes\u00a0\u00bb content_placement=\u00a0\u00bbmiddle\u00a0\u00bb css=\u00a0\u00bb.vc_custom_1620725119900{margin-top: 0px !important;margin-bottom: 0px !important;border-top-width: 0px !important;border-bottom-width: 0px !important;padding-top: 0px !important;padding-bottom: 0px !important;}\u00a0\u00bb][vc_column offset=\u00a0\u00bbvc_col-lg-6 vc_col-md-6&Prime; css=\u00a0\u00bb.vc_custom_1620724972147{padding-top: 0px !important;padding-bottom: 0px !important;}\u00a0\u00bb][vc_single_image image=\u00a0\u00bb1267&Prime; img_size=\u00a0\u00bbfull\u00a0\u00bb alignment=\u00a0\u00bbcenter\u00a0\u00bb css=\u00a0\u00bb.vc_custom_1620725179773{margin-top: 0px !important;margin-right: 0px !important;margin-bottom: 0px !important;margin-left: 0px !important;border-top-width: 0px !important;border-right-width: 0px !important;border-bottom-width: 0px !important;border-left-width: 0px !important;padding-top: 0px !important;padding-right: 0px !important;padding-bottom: 0px !important;padding-left: 0px !important;}\u00a0\u00bb][\/vc_column][vc_column offset=\u00a0\u00bbvc_col-lg-6 vc_col-md-6&Prime; css=\u00a0\u00bb.vc_custom_1620724979266{padding-top: 0px !important;padding-bottom: 0px !important;}\u00a0\u00bb][vc_single_image image=\u00a0\u00bb1388&Prime; img_size=\u00a0\u00bb1170X1400&Prime; alignment=\u00a0\u00bbcenter\u00a0\u00bb css=\u00a0\u00bb.vc_custom_1620725191427{margin-top: 0px !important;margin-right: 0px !important;margin-bottom: 0px !important;margin-left: 0px !important;border-top-width: 0px !important;border-right-width: 0px !important;border-bottom-width: 0px !important;border-left-width: 0px !important;padding-top: 0px !important;padding-right: 0px !important;padding-bottom: 0px !important;padding-left: 0px !important;}\u00a0\u00bb][\/vc_column][\/vc_row][vc_row full_width=\u00a0\u00bbstretch_row\u00a0\u00bb css=\u00a0\u00bb.vc_custom_1601244335420{padding-right: 10% !important;padding-left: 10% !important;background-color: #f1f1f1 !important;}\u00a0\u00bb][vc_column css=\u00a0\u00bb.vc_custom_1601244199663{padding-top: 0px !important;}\u00a0\u00bb]\n\t<div class=\"title-subtitle-box \" style=\" text-align: center;\">\n\t\t<p style=\"\">Restez connecter<\/p>\n\t\t<h3 style=\" font-weight: normal;\" >Inscrivez-vous \u00e0 la Newsletter<\/h3>\n\t<\/div> [vc_btn title=\u00a0\u00bbInscription\u00a0\u00bb style=\u00a0\u00bbcustom\u00a0\u00bb custom_background=\u00a0\u00bb#b0976d\u00a0\u00bb custom_text=\u00a0\u00bb#ffffff\u00a0\u00bb shape=\u00a0\u00bbsquare\u00a0\u00bb align=\u00a0\u00bbcenter\u00a0\u00bb link=\u00a0\u00bburl:https%3A%2F%2Fbistrotdusommelier.eu%2Fbds%2Fnewsletter%2F|title:Inscription%20%C3%A0%20la%20Newsletter\u00a0\u00bb css=\u00a0\u00bb.vc_custom_1623410178429{margin-bottom: 0px !important;}\u00a0\u00bb][\/vc_column][\/vc_row]<\/p>\n","protected":false},"excerpt":{"rendered":"<p>[vc_row full_width=\u00a0\u00bbstretch_row\u00a0\u00bb css=\u00a0\u00bb.vc_custom_1601245769870{padding-top: 0px !important;padding-bottom: 0px !important;background-color: #f7f7f7 !important;}\u00a0\u00bb][vc_column width=\u00a0\u00bb1\/2&Prime; css=\u00a0\u00bb.vc_custom_1620724870183{padding-top: 10% !important;padding-right: 10% !important;padding-bottom: 0px !important;}\u00a0\u00bb][vc_column_text]La r\u00e9servation en ligne est disponible : \/ Online booking is available:[\/vc_column_text][vc_column_text] [\/vc_column_text][vc_column_text]Nous sommes \u00e9galement \u00e0 votre \u00e9coute pour vos r\u00e9servations au : We are also at your disposal for your reservations at: T\u00e9l\/Phone : +33 (0)1 42 65<br class=\"read-more-spacer\"> <a class=\"more-link\" href=\"https:\/\/bistrotdusommelier.eu\/bds\/reservation-booking\/\">Read More<\/a><\/p>\n","protected":false},"author":1,"featured_media":1307,"parent":0,"menu_order":0,"comment_status":"closed","ping_status":"closed","template":"","meta":{"footnotes":""},"class_list":["post-1382","page","type-page","status-publish","has-post-thumbnail","hentry"],"_links":{"self":[{"href":"https:\/\/bistrotdusommelier.eu\/bds\/wp-json\/wp\/v2\/pages\/1382","targetHints":{"allow":["GET"]}}],"collection":[{"href":"https:\/\/bistrotdusommelier.eu\/bds\/wp-json\/wp\/v2\/pages"}],"about":[{"href":"https:\/\/bistrotdusommelier.eu\/bds\/wp-json\/wp\/v2\/types\/page"}],"author":[{"embeddable":true,"href":"https:\/\/bistrotdusommelier.eu\/bds\/wp-json\/wp\/v2\/users\/1"}],"replies":[{"embeddable":true,"href":"https:\/\/bistrotdusommelier.eu\/bds\/wp-json\/wp\/v2\/comments?post=1382"}],"version-history":[{"count":79,"href":"https:\/\/bistrotdusommelier.eu\/bds\/wp-json\/wp\/v2\/pages\/1382\/revisions"}],"predecessor-version":[{"id":1971,"href":"https:\/\/bistrotdusommelier.eu\/bds\/wp-json\/wp\/v2\/pages\/1382\/revisions\/1971"}],"wp:featuredmedia":[{"embeddable":true,"href":"https:\/\/bistrotdusommelier.eu\/bds\/wp-json\/wp\/v2\/media\/1307"}],"wp:attachment":[{"href":"https:\/\/bistrotdusommelier.eu\/bds\/wp-json\/wp\/v2\/media?parent=1382"}],"curies":[{"name":"wp","href":"https:\/\/api.w.org\/{rel}","templated":true}]}}