{"id":1610,"date":"2022-01-25T19:18:23","date_gmt":"2022-01-25T18:18:23","guid":{"rendered":"https:\/\/bistrotdusommelier.eu\/bds\/?page_id=1610"},"modified":"2026-01-20T09:49:34","modified_gmt":"2026-01-20T08:49:34","slug":"saint-valentin","status":"publish","type":"page","link":"https:\/\/bistrotdusommelier.eu\/bds\/saint-valentin\/","title":{"rendered":"Menu Saint-Valentin"},"content":{"rendered":"<p>[vc_row full_width=\u00a0\u00bbstretch_row_content_no_spaces\u00a0\u00bb equal_height=\u00a0\u00bbyes\u00a0\u00bb content_placement=\u00a0\u00bbmiddle\u00a0\u00bb css=\u00a0\u00bb.vc_custom_1632746516561{margin-top: 0px !important;margin-bottom: 0px !important;border-top-width: 0px !important;border-bottom-width: 0px !important;padding-top: 0px !important;padding-bottom: 0px !important;}\u00a0\u00bb][vc_column css=\u00a0\u00bb.vc_custom_1460629267259{margin-top: 0px !important;margin-right: 0px !important;margin-bottom: 0px !important;margin-left: 0px !important;padding-top: 0px !important;padding-right: 0px !important;padding-bottom: 0px !important;padding-left: 0px !important;}\u00a0\u00bb offset=\u00a0\u00bbvc_col-lg-6 vc_col-md-6&Prime;][vc_single_image image=\u00a0\u00bb1624&Prime; img_size=\u00a0\u00bbfull\u00a0\u00bb css=\u00a0\u00bb.vc_custom_1737400984744{margin-top: 0px !important;margin-right: 0px !important;margin-bottom: 0px !important;margin-left: 0px !important;padding-top: 0px !important;padding-right: 0px !important;padding-bottom: 0px !important;padding-left: 0px !important;}\u00a0\u00bb][\/vc_column][vc_column css=\u00a0\u00bb.vc_custom_1643133895638{padding-top: 0px !important;padding-right: 115px !important;padding-bottom: 0px !important;padding-left: 115px !important;}\u00a0\u00bb offset=\u00a0\u00bbvc_col-lg-6 vc_col-md-6&Prime;]\n\t<div class=\"title-subtitle-box \" style=\" padding: 0px; margin-bottom:50px; text-align: center;\">\n\t\t<p style=\"\">Le Menu de la<\/p>\n\t\t<h3 style=\" font-weight: normal;\" >Saint-Valentin<\/h3>\n\t<\/div> [vc_text_separator title=\u00a0\u00bb\u00a0\u00bb color=\u00a0\u00bbcustom\u00a0\u00bb el_width=\u00a0\u00bb50&Prime; accent_color=\u00a0\u00bb#b0976d\u00a0\u00bb css=\u00a0\u00bb.vc_custom_1643147010913{margin-top: 20px !important;margin-bottom: 20px !important;}\u00a0\u00bb][vc_column_text css=\u00a0\u00bb.vc_custom_1768898626097{margin-top: 0px !important;margin-bottom: 0px !important;}\u00a0\u00bb]<\/p>\n<h4 style=\"text-align: center;\"><strong>Saint-Jacques en carpaccio, p\u00e9tales de betterave, vinaigrette de framboise et touche de rose<\/strong><\/h4>\n<h4 style=\"text-align: center;\"><strong>Sole en d\u00e9licatesse, \u00e9mulsion champagne, c\u00e9leri rave et pomme verte<\/strong><\/h4>\n<h4 style=\"text-align: center;\"><strong>M\u00e9daillon de b\u0153uf r\u00f4ti, jus de viande au foie gras <\/strong><\/h4>\n<h4 style=\"text-align: center;\"><strong>Brillat-Savarin \u00e0 la truffe, poire poch\u00e9e<\/strong><\/h4>\n<h4 style=\"text-align: center;\"><strong>D\u00f4me au chocolat Ruby, pistache et framboise <\/strong><\/h4>\n<p>[\/vc_column_text][vc_text_separator title=\u00a0\u00bb\u00a0\u00bb color=\u00a0\u00bbcustom\u00a0\u00bb el_width=\u00a0\u00bb50&Prime; accent_color=\u00a0\u00bb#b0976d\u00a0\u00bb css=\u00a0\u00bb.vc_custom_1643147010913{margin-top: 20px !important;margin-bottom: 20px !important;}\u00a0\u00bb][vc_column_text css=\u00a0\u00bb.vc_custom_1768898476802{margin-top: 0px !important;margin-bottom: 0px !important;}\u00a0\u00bb]<\/p>\n<h4 style=\"text-align: center;\"><strong>Servi avec un verre de champagne<\/strong><br \/>\n<strong>suivi d\u2019une s\u00e9lection de quatre vins surprises<\/strong><\/h4>\n<h4 style=\"text-align: center;\"><strong>Caf\u00e9s et eaux compris.<\/strong><\/h4>\n<p>[\/vc_column_text][vc_text_separator title=\u00a0\u00bb\u00a0\u00bb color=\u00a0\u00bbcustom\u00a0\u00bb el_width=\u00a0\u00bb50&Prime; accent_color=\u00a0\u00bb#b0976d\u00a0\u00bb css=\u00a0\u00bb.vc_custom_1643147010913{margin-top: 20px !important;margin-bottom: 20px !important;}\u00a0\u00bb][vc_column_text css=\u00a0\u00bb.vc_custom_1706004352707{margin-top: 0px !important;margin-bottom: 0px !important;}\u00a0\u00bb]<\/p>\n<h3 style=\"text-align: center;\"><em>Prix : 150 \u20ac<\/em><\/h3>\n<p style=\"text-align: center;\"><em>(sur place)<br \/>\n<\/em><\/p>\n<p>[\/vc_column_text][vc_btn title=\u00a0\u00bbR\u00e9servez\u00a0\u00bb style=\u00a0\u00bbcustom\u00a0\u00bb custom_background=\u00a0\u00bb#b0976d\u00a0\u00bb custom_text=\u00a0\u00bb#ffffff\u00a0\u00bb shape=\u00a0\u00bbsquare\u00a0\u00bb align=\u00a0\u00bbcenter\u00a0\u00bb link=\u00a0\u00bburl:https%3A%2F%2Fbistrotdusommelier.eu%2Fbds%2Freservation%2F|title:R%C3%A9servation%20%2F%20Booking\u00a0\u00bb css=\u00a0\u00bb.vc_custom_1643152743154{margin-top: 20px !important;margin-bottom: 20px !important;}\u00a0\u00bb][vc_text_separator title=\u00a0\u00bb\u00a0\u00bb color=\u00a0\u00bbcustom\u00a0\u00bb el_width=\u00a0\u00bb50&Prime; accent_color=\u00a0\u00bb#b0976d\u00a0\u00bb css=\u00a0\u00bb.vc_custom_1643147010913{margin-top: 20px !important;margin-bottom: 20px !important;}\u00a0\u00bb][vc_column_text css=\u00a0\u00bb.vc_custom_1707392160093{margin-top: 0px !important;margin-bottom: 0px !important;}\u00a0\u00bb]<\/p>\n<h3 style=\"text-align: center;\"><em>ou appelez-nous au :<br \/>\n+33 (0)1 42 65 24 85<\/em><\/h3>\n<p>[\/vc_column_text][\/vc_column][\/vc_row][vc_row full_width=\u00a0\u00bbstretch_row\u00a0\u00bb equal_height=\u00a0\u00bbyes\u00a0\u00bb css=\u00a0\u00bb.vc_custom_1601304152405{background-color: #f1f1f1 !important;}\u00a0\u00bb][vc_column]\n\t<div class=\"title-subtitle-box \" style=\" margin-bottom:50px; text-align: center;\">\n\t\t<p style=\"\">Blaise Pascal<\/p>\n\t\t<h3 style=\" font-weight: bold;\" >\u00ab Trop ou trop peu de vin interdit la v\u00e9rit\u00e9 \u00bb<\/h3>\n\t<\/div> [vc_btn title=\u00a0\u00bbR\u00e9servation \/ Booking\u00a0\u00bb style=\u00a0\u00bbcustom\u00a0\u00bb custom_background=\u00a0\u00bb#b0976d\u00a0\u00bb custom_text=\u00a0\u00bb#ffffff\u00a0\u00bb shape=\u00a0\u00bbsquare\u00a0\u00bb align=\u00a0\u00bbcenter\u00a0\u00bb link=\u00a0\u00bburl:https%3A%2F%2Fbistrotdusommelier.eu%2Fbds%2Freservation%2F|title:R%C3%A9servation%20%2F%20Booking\u00a0\u00bb css=\u00a0\u00bb.vc_custom_1615397695862{margin-bottom: 20px !important;}\u00a0\u00bb][vc_column_text]<\/p>\n<p style=\"text-align: center;\"><strong>Liste des allerg\u00e8nes sur demande \/ <\/strong><strong><em>The list of allergenic products is available on request<\/em><\/strong><\/p>\n<p>[\/vc_column_text][vc_column_text]<\/p>\n<p style=\"text-align: center;\"><strong>Attention, la maison n&rsquo;accepte pas les r\u00e9glements par ch\u00e8que \/ We do not accept check payments<\/strong><\/p>\n<p style=\"text-align: center;\">Ces prix s\u2019entendent TTC service compris \u2013 TVA 10% incluse sur les mets et 20% sur les vins et les spiritueux.<br \/>\nThese prices include taxes \u2013 VAT 10% included for meals and 20% for wine and spirits.<\/p>\n<p>[\/vc_column_text][\/vc_column][\/vc_row]<\/p>\n","protected":false},"excerpt":{"rendered":"<p>[vc_row full_width=\u00a0\u00bbstretch_row_content_no_spaces\u00a0\u00bb equal_height=\u00a0\u00bbyes\u00a0\u00bb content_placement=\u00a0\u00bbmiddle\u00a0\u00bb css=\u00a0\u00bb.vc_custom_1632746516561{margin-top: 0px !important;margin-bottom: 0px !important;border-top-width: 0px !important;border-bottom-width: 0px !important;padding-top: 0px !important;padding-bottom: 0px !important;}\u00a0\u00bb][vc_column css=\u00a0\u00bb.vc_custom_1460629267259{margin-top: 0px !important;margin-right: 0px !important;margin-bottom: 0px !important;margin-left: 0px !important;padding-top: 0px !important;padding-right: 0px !important;padding-bottom: 0px !important;padding-left: 0px !important;}\u00a0\u00bb offset=\u00a0\u00bbvc_col-lg-6 vc_col-md-6&Prime;][vc_single_image image=\u00a0\u00bb1624&Prime; img_size=\u00a0\u00bbfull\u00a0\u00bb css=\u00a0\u00bb.vc_custom_1737400984744{margin-top: 0px !important;margin-right: 0px !important;margin-bottom: 0px !important;margin-left: 0px !important;padding-top: 0px !important;padding-right: 0px !important;padding-bottom: 0px !important;padding-left: 0px !important;}\u00a0\u00bb][\/vc_column][vc_column<br class=\"read-more-spacer\"> <a class=\"more-link\" href=\"https:\/\/bistrotdusommelier.eu\/bds\/saint-valentin\/\">Read More<\/a><\/p>\n","protected":false},"author":1,"featured_media":1616,"parent":0,"menu_order":0,"comment_status":"closed","ping_status":"closed","template":"","meta":{"footnotes":""},"class_list":["post-1610","page","type-page","status-publish","has-post-thumbnail","hentry"],"_links":{"self":[{"href":"https:\/\/bistrotdusommelier.eu\/bds\/wp-json\/wp\/v2\/pages\/1610","targetHints":{"allow":["GET"]}}],"collection":[{"href":"https:\/\/bistrotdusommelier.eu\/bds\/wp-json\/wp\/v2\/pages"}],"about":[{"href":"https:\/\/bistrotdusommelier.eu\/bds\/wp-json\/wp\/v2\/types\/page"}],"author":[{"embeddable":true,"href":"https:\/\/bistrotdusommelier.eu\/bds\/wp-json\/wp\/v2\/users\/1"}],"replies":[{"embeddable":true,"href":"https:\/\/bistrotdusommelier.eu\/bds\/wp-json\/wp\/v2\/comments?post=1610"}],"version-history":[{"count":44,"href":"https:\/\/bistrotdusommelier.eu\/bds\/wp-json\/wp\/v2\/pages\/1610\/revisions"}],"predecessor-version":[{"id":2001,"href":"https:\/\/bistrotdusommelier.eu\/bds\/wp-json\/wp\/v2\/pages\/1610\/revisions\/2001"}],"wp:featuredmedia":[{"embeddable":true,"href":"https:\/\/bistrotdusommelier.eu\/bds\/wp-json\/wp\/v2\/media\/1616"}],"wp:attachment":[{"href":"https:\/\/bistrotdusommelier.eu\/bds\/wp-json\/wp\/v2\/media?parent=1610"}],"curies":[{"name":"wp","href":"https:\/\/api.w.org\/{rel}","templated":true}]}}