{"id":193,"date":"2016-03-10T10:44:30","date_gmt":"2016-03-10T10:44:30","guid":{"rendered":"http:\/\/okthemes.com\/villenoirdemo\/?page_id=193"},"modified":"2025-07-09T09:22:15","modified_gmt":"2025-07-09T07:22:15","slug":"accueil","status":"publish","type":"page","link":"https:\/\/bistrotdusommelier.eu\/bds\/","title":{"rendered":"Accueil"},"content":{"rendered":"<p>[vc_row full_width=\u00a0\u00bbstretch_row_content_no_spaces\u00a0\u00bb equal_height=\u00a0\u00bbyes\u00a0\u00bb content_placement=\u00a0\u00bbmiddle\u00a0\u00bb css=\u00a0\u00bb.vc_custom_1640076657678{margin-top: 0px !important;margin-bottom: 0px !important;border-top-width: 0px !important;border-bottom-width: 0px !important;padding-top: 0px !important;padding-bottom: 0px !important;background-position: center !important;background-repeat: no-repeat !important;background-size: contain !important;}\u00a0\u00bb el_class=\u00a0\u00bbgg-force-background-left\u00a0\u00bb][vc_column width=\u00a0\u00bb1\/2&Prime; offset=\u00a0\u00bbvc_col-lg-6 vc_col-md-6&Prime; css=\u00a0\u00bb.vc_custom_1640076689972{margin-top: 0px !important;margin-bottom: 0px !important;border-top-width: 0px !important;border-bottom-width: 0px !important;padding-top: 0px !important;padding-bottom: 0px !important;}\u00a0\u00bb][vc_single_image image=\u00a0\u00bb1279&Prime; img_size=\u00a0\u00bbfull\u00a0\u00bb css=\u00a0\u00bb.vc_custom_1613375327737{margin-bottom: 0px !important;}\u00a0\u00bb][\/vc_column][vc_column width=\u00a0\u00bb1\/2&Prime; css=\u00a0\u00bb.vc_custom_1640076703241{margin-top: 0px !important;margin-bottom: 0px !important;border-top-width: 0px !important;border-bottom-width: 0px !important;padding-top: 0px !important;padding-right: 20% !important;padding-bottom: 0px !important;padding-left: 30px !important;}\u00a0\u00bb offset=\u00a0\u00bbvc_col-lg-6 vc_col-md-6&Prime;]\n\t<div class=\"title-subtitle-box \" style=\" margin-bottom:-10px; text-align: left;\">\n\t\t<p style=\"\">Le mot de Philippe Faure-Brac<\/p>\n\t\t<h3 style=\" font-weight: normal;\" >Meilleur Sommelier du Monde<\/h3>\n\t<\/div> \n\t<div class=\"title-subtitle-box \" style=\" margin-bottom:-10px; text-align: left;\">\n\t\t<h3 style=\" font-weight: normal; white-space: nowrap;\" >World's Best Sommelier<\/h3>\n\t<\/div> \n\t<div class=\"title-subtitle-box \" style=\" text-align: left;\">\n\t\t<h3 style=\" font-weight: normal; white-space: nowrap;\" >M.O.F. Honoris Causa<\/h3>\n\t<\/div> [vc_column_text]<\/p>\n<blockquote class=\"\">\n<div class=\"\">\n<div class=\"\">\n<div class=\"\" style=\"text-align: justify;\">Mes \u00e9quipes et moi-m\u00eame sommes ravis de vous accueillir du lundi au vendredi pour venir partager un moment au d\u00e9jeuner ou au diner.<\/div>\n<div class=\"\" style=\"text-align: justify;\">Venez d\u00e9couvrir des accords mets et vins surprenants et savourer les plats r\u00e9alis\u00e9s par notre chef Logan Nacharamma et sa brigade. Nous travaillons les produits pour leurs saveurs propres, dans le respect des saisons et de nos producteurs locaux.<\/div>\n<div class=\"\" style=\"text-align: justify;\">Nous serons ravis de vous communiquer notre m\u00e9tier, notre passion et de partager un moment de convivialit\u00e9 ensemble !<\/div>\n<\/div>\n<\/div>\n<\/blockquote>\n<p>[\/vc_column_text][vc_btn title=\u00a0\u00bbD\u00e9couvrez le Sommelier\u00a0\u00bb style=\u00a0\u00bbcustom\u00a0\u00bb custom_background=\u00a0\u00bb#b0976d\u00a0\u00bb custom_text=\u00a0\u00bb#ffffff\u00a0\u00bb shape=\u00a0\u00bbsquare\u00a0\u00bb align=\u00a0\u00bbcenter\u00a0\u00bb link=\u00a0\u00bburl:https%3A%2F%2Fbistrotdusommelier.eu%2Fbds%2Fle-sommelier%2F|title:Le%20sommelier\u00a0\u00bb css=\u00a0\u00bb.vc_custom_1640076763269{margin-right: 30px !important;margin-bottom: 0px !important;}\u00a0\u00bb][\/vc_column][\/vc_row][vc_row full_width=\u00a0\u00bbstretch_row\u00a0\u00bb equal_height=\u00a0\u00bbyes\u00a0\u00bb css=\u00a0\u00bb.vc_custom_1640076866860{margin-top: 0px !important;margin-bottom: 0px !important;padding-top: 0px !important;padding-bottom: 0px !important;}\u00a0\u00bb][vc_column width=\u00a0\u00bb1\/2&Prime; css=\u00a0\u00bb.vc_custom_1601224298745{padding-right: 0px !important;padding-left: 0px !important;}\u00a0\u00bb][vc_single_image image=\u00a0\u00bb1295&Prime; img_size=\u00a0\u00bb585&#215;719&Prime; css=\u00a0\u00bb.vc_custom_1640078589048{margin-top: 0px !important;margin-right: 0px !important;margin-bottom: 0px !important;margin-left: 0px !important;background-position: 0 0 !important;background-repeat: no-repeat !important;}\u00a0\u00bb][\/vc_column][vc_column width=\u00a0\u00bb1\/2&Prime; css=\u00a0\u00bb.vc_custom_1640076551925{background-color: #b0976d !important;}\u00a0\u00bb][vc_single_image image=\u00a0\u00bb1268&Prime; img_size=\u00a0\u00bbfull\u00a0\u00bb alignment=\u00a0\u00bbcenter\u00a0\u00bb css=\u00a0\u00bb.vc_custom_1613375416602{padding-top: 20% !important;}\u00a0\u00bb]\n\t<div class=\"title-subtitle-box \" style=\" text-align: center;\">\n\t\t<p style=\" color:#000000; \">Nouveau<\/p>\n\t\t<h3 style=\" color:#ffffff;  font-weight: normal;\" >Boutique en ligne<\/h3>\n\t<\/div> \n\t<div class=\"title-subtitle-box \" style=\" text-align: center;\">\n\t\t<p style=\" color:#000000; \">New<\/p>\n\t\t<h3 style=\" color:#ffffff;  font-weight: normal;\" >Shop online<\/h3>\n\t<\/div> [vc_btn title=\u00a0\u00bbEn savoir +\u00a0\u00bb style=\u00a0\u00bbcustom\u00a0\u00bb custom_background=\u00a0\u00bb#000000&Prime; custom_text=\u00a0\u00bb#ffffff\u00a0\u00bb shape=\u00a0\u00bbsquare\u00a0\u00bb align=\u00a0\u00bbcenter\u00a0\u00bb link=\u00a0\u00bburl:https%3A%2F%2Fbistrotdusommelier.fr|title:Les%20Ventes%20%C3%A0%20emporter|target:_blank\u00a0\u00bb][\/vc_column][\/vc_row][vc_row full_width=\u00a0\u00bbstretch_row\u00a0\u00bb equal_height=\u00a0\u00bbyes\u00a0\u00bb css=\u00a0\u00bb.vc_custom_1640076901589{margin-top: 0px !important;margin-bottom: 0px !important;padding-top: 0px !important;padding-bottom: 0px !important;}\u00a0\u00bb][vc_column width=\u00a0\u00bb1\/2&Prime; css=\u00a0\u00bb.vc_custom_1640076137238{background: #b0976d url(http:\/\/bds.comwip.com\/wp-content\/uploads\/2016\/03\/box-promo-pattern-17.png?id=1051) !important;}\u00a0\u00bb][vc_single_image image=\u00a0\u00bb1268&Prime; img_size=\u00a0\u00bbfull\u00a0\u00bb alignment=\u00a0\u00bbcenter\u00a0\u00bb css=\u00a0\u00bb.vc_custom_1613375431855{padding-top: 20% !important;}\u00a0\u00bb]\n\t<div class=\"title-subtitle-box \" style=\" text-align: center;\">\n\t\t<p style=\" color:#cebc9e; \">C'est une tradition !<\/p>\n\t\t<h3 style=\" color:#ffffff;  font-weight: normal;\" >Les Vendredis du Vigneron<\/h3>\n\t<\/div> \n\t<div class=\"title-subtitle-box \" style=\" text-align: center;\">\n\t\t<p style=\" color:#cebc9e; \">It's a tradition !<\/p>\n\t\t<h3 style=\" color:#ffffff;  font-weight: normal;\" >Wine grower\u2019s fridays<\/h3>\n\t<\/div> [vc_btn title=\u00a0\u00bbEn savoir +\u00a0\u00bb style=\u00a0\u00bbcustom\u00a0\u00bb custom_background=\u00a0\u00bb#000000&Prime; custom_text=\u00a0\u00bb#ffffff\u00a0\u00bb shape=\u00a0\u00bbsquare\u00a0\u00bb align=\u00a0\u00bbcenter\u00a0\u00bb link=\u00a0\u00bburl:https%3A%2F%2Fbistrotdusommelier.eu%2Fbds%2Fvdv%2F|title:Les%20Vendredis%20du%20Vigneron\u00a0\u00bb][\/vc_column][vc_column width=\u00a0\u00bb1\/2&Prime; css=\u00a0\u00bb.vc_custom_1601224298745{padding-right: 0px !important;padding-left: 0px !important;}\u00a0\u00bb][vc_single_image image=\u00a0\u00bb1545&Prime; img_size=\u00a0\u00bb585&#215;719&Prime; css=\u00a0\u00bb.vc_custom_1640079038565{margin-top: 0px !important;margin-right: 0px !important;margin-bottom: 0px !important;margin-left: 0px !important;background-position: 0 0 !important;background-repeat: no-repeat !important;}\u00a0\u00bb][\/vc_column][\/vc_row][vc_row equal_height=\u00a0\u00bbyes\u00a0\u00bb content_placement=\u00a0\u00bbmiddle\u00a0\u00bb css=\u00a0\u00bb.vc_custom_1601306980842{margin-top: 0px !important;margin-bottom: 0px !important;padding-top: 0px !important;padding-bottom: 0px !important;}\u00a0\u00bb][vc_column css=\u00a0\u00bb.vc_custom_1460370846525{margin-top: 0px !important;margin-right: 0px !important;margin-bottom: 0px !important;margin-left: 0px !important;padding-top: 0px !important;padding-right: 0px !important;padding-bottom: 0px !important;padding-left: 0px !important;}\u00a0\u00bb offset=\u00a0\u00bbvc_col-lg-6 vc_col-md-6&Prime;][vc_single_image image=\u00a0\u00bb1542&Prime; img_size=\u00a0\u00bbfull\u00a0\u00bb css=\u00a0\u00bb.vc_custom_1640078728997{margin-top: 0px !important;margin-right: 0px !important;margin-bottom: 0px !important;margin-left: 0px !important;padding-top: 0px !important;padding-right: 0px !important;padding-bottom: 0px !important;padding-left: 0px !important;}\u00a0\u00bb][\/vc_column][vc_column css=\u00a0\u00bb.vc_custom_1601227857219{background-color: #f1f1f1 !important;}\u00a0\u00bb offset=\u00a0\u00bbvc_col-lg-6 vc_col-md-6&Prime;]\n\t<div class=\"title-subtitle-box \" style=\" margin-bottom:90px; text-align: center;\">\n\t\t<p style=\"\">Le restaurant<\/p>\n\t\t<h3 style=\" font-weight: normal;\" >Salle &amp; Salons privatifs<\/h3>\n\t<\/div> \n\t<div class=\"title-subtitle-box \" style=\" margin-bottom:90px; text-align: center;\">\n\t\t<p style=\"\">The restaurant<\/p>\n\t\t<h3 style=\" font-weight: normal;\" >Dining room &amp; Lounges<\/h3>\n\t<\/div> [vc_btn title=\u00a0\u00bbEn savoir +\u00a0\u00bb style=\u00a0\u00bbcustom\u00a0\u00bb custom_background=\u00a0\u00bb#000000&Prime; custom_text=\u00a0\u00bb#ffffff\u00a0\u00bb shape=\u00a0\u00bbsquare\u00a0\u00bb align=\u00a0\u00bbcenter\u00a0\u00bb link=\u00a0\u00bburl:https%3A%2F%2Fbistrotdusommelier.eu%2Fbds%2Fsalons%2F|title:La%20salle%20et%20les%20salons%20privatifs\u00a0\u00bb][\/vc_column][\/vc_row][vc_row equal_height=\u00a0\u00bbyes\u00a0\u00bb content_placement=\u00a0\u00bbmiddle\u00a0\u00bb css=\u00a0\u00bb.vc_custom_1601306992402{margin-top: 0px !important;margin-bottom: 0px !important;padding-top: 0px !important;padding-bottom: 0px !important;}\u00a0\u00bb][vc_column css=\u00a0\u00bb.vc_custom_1601227874140{background-color: #f1f1f1 !important;}\u00a0\u00bb offset=\u00a0\u00bbvc_col-lg-6 vc_col-md-6&Prime;]\n\t<div class=\"title-subtitle-box \" style=\" text-align: center;\">\n\t\t<p style=\"\">La cuisine<\/p>\n\t\t<h3 style=\" font-weight: normal;\" >Inspiration &amp; D\u00e9gustation<\/h3>\n\t<\/div> \n\t<div class=\"title-subtitle-box \" style=\" text-align: center;\">\n\t\t<p style=\"\">The kitchen<\/p>\n\t\t<h3 style=\" font-weight: normal;\" >Inspiration &amp; Tasting<\/h3>\n\t<\/div> [vc_btn title=\u00a0\u00bbEn savoir +\u00a0\u00bb style=\u00a0\u00bbcustom\u00a0\u00bb custom_background=\u00a0\u00bb#000000&Prime; custom_text=\u00a0\u00bb#ffffff\u00a0\u00bb shape=\u00a0\u00bbsquare\u00a0\u00bb align=\u00a0\u00bbcenter\u00a0\u00bb link=\u00a0\u00bburl:https%3A%2F%2Fbistrotdusommelier.eu%2Fbds%2Fcusine%2F|title:Menus%20%26%20Carte\u00a0\u00bb][\/vc_column][vc_column css=\u00a0\u00bb.vc_custom_1460370866457{margin-top: 0px !important;margin-right: 0px !important;margin-bottom: 0px !important;margin-left: 0px !important;padding-top: 0px !important;padding-right: 0px !important;padding-bottom: 0px !important;padding-left: 0px !important;}\u00a0\u00bb offset=\u00a0\u00bbvc_col-lg-6 vc_col-md-6&Prime;][vc_single_image image=\u00a0\u00bb1285&Prime; img_size=\u00a0\u00bbfull\u00a0\u00bb css=\u00a0\u00bb.vc_custom_1613375529934{margin-top: 0px !important;margin-right: 0px !important;margin-bottom: 0px !important;margin-left: 0px !important;padding-top: 0px !important;padding-right: 0px !important;padding-bottom: 0px !important;padding-left: 0px !important;}\u00a0\u00bb][\/vc_column][\/vc_row][vc_row full_width=\u00a0\u00bbstretch_row\u00a0\u00bb content_placement=\u00a0\u00bbmiddle\u00a0\u00bb css=\u00a0\u00bb.vc_custom_1640076971979{padding-right: 10% !important;padding-left: 10% !important;background-color: #f1f1f1 !important;background-position: center !important;background-repeat: no-repeat !important;background-size: cover !important;}\u00a0\u00bb el_class=\u00a0\u00bbcenter-text\u00a0\u00bb][vc_column css=\u00a0\u00bb.vc_custom_1640076934332{padding-top: 0px !important;background-color: #f1f1f1 !important;}\u00a0\u00bb]\n\t<div class=\"title-subtitle-box \" style=\" text-align: center;\">\n\t\t<p style=\"\">Restez connecter<\/p>\n\t\t<h3 style=\" font-weight: normal;\" >Inscrivez-vous \u00e0 la Newsletter<\/h3>\n\t<\/div> [vc_btn title=\u00a0\u00bbInscription\u00a0\u00bb style=\u00a0\u00bbcustom\u00a0\u00bb custom_background=\u00a0\u00bb#b0976d\u00a0\u00bb custom_text=\u00a0\u00bb#ffffff\u00a0\u00bb shape=\u00a0\u00bbsquare\u00a0\u00bb link=\u00a0\u00bburl:https%3A%2F%2Fbistrotdusommelier.eu%2Fbds%2Fnewsletter%2F|title:Inscription%20%C3%A0%20la%20Newsletter%20&Prime; css=\u00a0\u00bb.vc_custom_1623409935767{margin-bottom: 0px !important;}\u00a0\u00bb][\/vc_column][\/vc_row]<\/p>\n","protected":false},"excerpt":{"rendered":"<p>[vc_row full_width=\u00a0\u00bbstretch_row_content_no_spaces\u00a0\u00bb equal_height=\u00a0\u00bbyes\u00a0\u00bb content_placement=\u00a0\u00bbmiddle\u00a0\u00bb css=\u00a0\u00bb.vc_custom_1640076657678{margin-top: 0px !important;margin-bottom: 0px !important;border-top-width: 0px !important;border-bottom-width: 0px !important;padding-top: 0px !important;padding-bottom: 0px !important;background-position: center !important;background-repeat: no-repeat !important;background-size: contain !important;}\u00a0\u00bb el_class=\u00a0\u00bbgg-force-background-left\u00a0\u00bb][vc_column width=\u00a0\u00bb1\/2&Prime; offset=\u00a0\u00bbvc_col-lg-6 vc_col-md-6&Prime; css=\u00a0\u00bb.vc_custom_1640076689972{margin-top: 0px !important;margin-bottom: 0px !important;border-top-width: 0px !important;border-bottom-width: 0px !important;padding-top: 0px !important;padding-bottom: 0px !important;}\u00a0\u00bb][vc_single_image image=\u00a0\u00bb1279&Prime; img_size=\u00a0\u00bbfull\u00a0\u00bb css=\u00a0\u00bb.vc_custom_1613375327737{margin-bottom: 0px !important;}\u00a0\u00bb][\/vc_column][vc_column width=\u00a0\u00bb1\/2&Prime; css=\u00a0\u00bb.vc_custom_1640076703241{margin-top: 0px !important;margin-bottom: 0px !important;border-top-width: 0px !important;border-bottom-width: 0px !important;padding-top:<br class=\"read-more-spacer\"> <a class=\"more-link\" href=\"https:\/\/bistrotdusommelier.eu\/bds\/\">Read More<\/a><\/p>\n","protected":false},"author":1,"featured_media":0,"parent":0,"menu_order":0,"comment_status":"closed","ping_status":"closed","template":"","meta":{"footnotes":""},"class_list":["post-193","page","type-page","status-publish","hentry"],"_links":{"self":[{"href":"https:\/\/bistrotdusommelier.eu\/bds\/wp-json\/wp\/v2\/pages\/193","targetHints":{"allow":["GET"]}}],"collection":[{"href":"https:\/\/bistrotdusommelier.eu\/bds\/wp-json\/wp\/v2\/pages"}],"about":[{"href":"https:\/\/bistrotdusommelier.eu\/bds\/wp-json\/wp\/v2\/types\/page"}],"author":[{"embeddable":true,"href":"https:\/\/bistrotdusommelier.eu\/bds\/wp-json\/wp\/v2\/users\/1"}],"replies":[{"embeddable":true,"href":"https:\/\/bistrotdusommelier.eu\/bds\/wp-json\/wp\/v2\/comments?post=193"}],"version-history":[{"count":32,"href":"https:\/\/bistrotdusommelier.eu\/bds\/wp-json\/wp\/v2\/pages\/193\/revisions"}],"predecessor-version":[{"id":1965,"href":"https:\/\/bistrotdusommelier.eu\/bds\/wp-json\/wp\/v2\/pages\/193\/revisions\/1965"}],"wp:attachment":[{"href":"https:\/\/bistrotdusommelier.eu\/bds\/wp-json\/wp\/v2\/media?parent=193"}],"curies":[{"name":"wp","href":"https:\/\/api.w.org\/{rel}","templated":true}]}}