{"id":448,"date":"2016-03-21T09:58:31","date_gmt":"2016-03-21T09:58:31","guid":{"rendered":"http:\/\/okthemes.com\/villenoirdemo\/?page_id=448"},"modified":"2021-12-21T11:01:17","modified_gmt":"2021-12-21T10:01:17","slug":"le-bistrot","status":"publish","type":"page","link":"https:\/\/bistrotdusommelier.eu\/bds\/le-bistrot\/","title":{"rendered":"Le Bistrot du Sommelier"},"content":{"rendered":"<p>[vc_row equal_height=\u00a0\u00bbyes\u00a0\u00bb content_placement=\u00a0\u00bbmiddle\u00a0\u00bb css=\u00a0\u00bb.vc_custom_1640080567692{padding-top: 0px !important;padding-bottom: 0px !important;}\u00a0\u00bb][vc_column css=\u00a0\u00bb.vc_custom_1640080644581{padding-top: 10px !important;padding-right: 50px !important;padding-bottom: 10px !important;padding-left: 50px !important;background-color: #f1f1f1 !important;}\u00a0\u00bb offset=\u00a0\u00bbvc_col-lg-6 vc_col-md-6&Prime;]\n\t<div class=\"title-subtitle-box \" style=\" text-align: left;\">\n\t\t<p style=\"\">Histoire \/ History<\/p>\n\t\t<h3 style=\" font-weight: normal;\" >1984, La naissance du Bistrot du Sommelier<\/h3>\n\t<\/div> [vc_column_text css=\u00a0\u00bb.vc_custom_1640080448053{margin-top: 0px !important;margin-right: 0px !important;margin-bottom: 0px !important;margin-left: 0px !important;border-top-width: 0px !important;border-right-width: 0px !important;border-bottom-width: 0px !important;border-left-width: 0px !important;padding-top: 0px !important;padding-right: 0px !important;padding-bottom: 0px !important;padding-left: 0px !important;}\u00a0\u00bb]<\/p>\n<p style=\"text-align: Justify;\">C\u2019est au 97 Boulevard Haussmann que Philippe Faure-Brac \u00e9crit la 1<sup>\u00e8re<\/sup> page de l\u2019histoire du Bistrot du Sommelier avec la complicit\u00e9 de Nicolas de Rabaudy. Un \u00e9v\u00e9nement dans le milieu de la sommellerie !<\/p>\n<p style=\"text-align: Justify;\"><span class=\"s1\">\u00a0<\/span>L&rsquo;un des premiers sommeliers \u00e0 lancer son propre restaurant autour du vin, avec \u00e0 la carte des milliers de r\u00e9f\u00e9rences de vins issus de tous les vignobles fran\u00e7ais et internationaux. Le concept pla\u00eet, s\u00e9duit et tr\u00e8s vite le Bistrot du Sommelier affiche complet.<\/p>\n<p style=\"text-align: Justify;\">En 1987 Nadine Padovani Faure-Brac rejoint Philippe et tous deux s\u2019attacheront \u00e0 d\u00e9velopper leur restaurant sans en n\u00e9gliger pour autant la carri\u00e8re du Meilleur Sommelier du Monde qu\u2019il allait devenir en 1992.<\/p>\n<p>[\/vc_column_text][\/vc_column][vc_column css=\u00a0\u00bb.vc_custom_1640080508622{margin-top: 0px !important;margin-right: 0px !important;margin-bottom: 0px !important;margin-left: 0px !important;padding-top: 0px !important;padding-right: 0px !important;padding-bottom: 0px !important;padding-left: 0px !important;}\u00a0\u00bb offset=\u00a0\u00bbvc_col-lg-6 vc_col-md-6&Prime;][vc_single_image image=\u00a0\u00bb1576&Prime; img_size=\u00a0\u00bbfull\u00a0\u00bb alignment=\u00a0\u00bbcenter\u00a0\u00bb css=\u00a0\u00bb.vc_custom_1640080874676{margin-top: 0px !important;margin-right: 0px !important;margin-bottom: 0px !important;margin-left: 0px !important;padding-top: 0px !important;padding-right: 0px !important;padding-bottom: 0px !important;padding-left: 0px !important;}\u00a0\u00bb][\/vc_column][\/vc_row][vc_row equal_height=\u00a0\u00bbyes\u00a0\u00bb content_placement=\u00a0\u00bbmiddle\u00a0\u00bb css=\u00a0\u00bb.vc_custom_1466166287107{padding-top: 0px !important;padding-bottom: 0px !important;}\u00a0\u00bb][vc_column css=\u00a0\u00bb.vc_custom_1460370846525{margin-top: 0px !important;margin-right: 0px !important;margin-bottom: 0px !important;margin-left: 0px !important;padding-top: 0px !important;padding-right: 0px !important;padding-bottom: 0px !important;padding-left: 0px !important;}\u00a0\u00bb offset=\u00a0\u00bbvc_col-lg-6 vc_col-md-6&Prime;][vc_single_image image=\u00a0\u00bb1267&Prime; img_size=\u00a0\u00bbfull\u00a0\u00bb alignment=\u00a0\u00bbcenter\u00a0\u00bb css=\u00a0\u00bb.vc_custom_1613376545640{margin-top: 0px !important;margin-right: 0px !important;margin-bottom: 0px !important;margin-left: 0px !important;padding-top: 0px !important;padding-right: 0px !important;padding-bottom: 0px !important;padding-left: 0px !important;}\u00a0\u00bb][\/vc_column][vc_column css=\u00a0\u00bb.vc_custom_1601241746464{padding-top: 10% !important;padding-right: 10% !important;padding-bottom: 10% !important;padding-left: 10% !important;background-color: #f1f1f1 !important;}\u00a0\u00bb offset=\u00a0\u00bbvc_col-lg-6 vc_col-md-6&Prime;]\n\t<div class=\"title-subtitle-box \" style=\" margin-bottom:90px; text-align: center;\">\n\t\t<p style=\"\">Le restaurant<\/p>\n\t\t<h3 style=\" font-weight: normal;\" >La salle &amp; Les salons privatifs<\/h3>\n\t<\/div> \n\t<div class=\"title-subtitle-box \" style=\" margin-bottom:90px; text-align: center;\">\n\t\t<p style=\"\">The restaurant<\/p>\n\t\t<h3 style=\" font-weight: normal;\" >Dining room &amp; Lounges<\/h3>\n\t<\/div> [vc_btn title=\u00a0\u00bbEn savoir +\u00a0\u00bb style=\u00a0\u00bbcustom\u00a0\u00bb custom_background=\u00a0\u00bb#000000&Prime; custom_text=\u00a0\u00bb#ffffff\u00a0\u00bb shape=\u00a0\u00bbsquare\u00a0\u00bb align=\u00a0\u00bbcenter\u00a0\u00bb link=\u00a0\u00bburl:https%3A%2F%2Fbistrotdusommelier.eu%2Fbds%2Fsalons%2F|title:La%20salle%20et%20les%20salons%20privatifs\u00a0\u00bb][\/vc_column][\/vc_row][vc_row equal_height=\u00a0\u00bbyes\u00a0\u00bb css=\u00a0\u00bb.vc_custom_1466169520129{padding-top: 0px !important;padding-right: 0px !important;padding-bottom: 0px !important;padding-left: 0px !important;}\u00a0\u00bb][vc_column width=\u00a0\u00bb1\/2&Prime; css=\u00a0\u00bb.vc_custom_1466159675532{padding: 18% !important;background-color: #b0976d !important;}\u00a0\u00bb][vc_icon icon_fontawesome=\u00a0\u00bbfas fa-utensils\u00a0\u00bb color=\u00a0\u00bbcustom\u00a0\u00bb background_style=\u00a0\u00bbrounded\u00a0\u00bb background_color=\u00a0\u00bbwhite\u00a0\u00bb align=\u00a0\u00bbcenter\u00a0\u00bb custom_color=\u00a0\u00bb#b0976d\u00a0\u00bb]\n\t<div class=\"title-subtitle-box \" style=\" text-align: center;\">\n\t\t<p style=\" color:rgba(255,255,255,0.7); \">Le restaurant<\/p>\n\t\t<h3 style=\" color:#ffffff;  font-weight: normal;\" >R\u00e9server une Table<\/h3>\n\t<\/div> \n\t<div class=\"title-subtitle-box \" style=\" text-align: center;\">\n\t\t<p style=\" color:rgba(255,255,255,0.7); \">The restaurant<\/p>\n\t\t<h3 style=\" color:#ffffff;  font-weight: normal;\" >Make a Reservation<\/h3>\n\t<\/div> [vc_btn title=\u00a0\u00bbR\u00e9servation \/ Booking\u00a0\u00bb style=\u00a0\u00bbcustom\u00a0\u00bb custom_background=\u00a0\u00bb#000000&Prime; custom_text=\u00a0\u00bb#ffffff\u00a0\u00bb shape=\u00a0\u00bbsquare\u00a0\u00bb align=\u00a0\u00bbcenter\u00a0\u00bb link=\u00a0\u00bburl:https%3A%2F%2Fbistrotdusommelier.eu%2Fbds%2Freservation%2F|title:R%C3%A9servation%20%2F%20Booking\u00a0\u00bb][\/vc_column][vc_column width=\u00a0\u00bb1\/2&Prime; css=\u00a0\u00bb.vc_custom_1466159685700{padding: 18% !important;background-color: #000000 !important;}\u00a0\u00bb][vc_icon icon_fontawesome=\u00a0\u00bbfas fa-phone\u00a0\u00bb color=\u00a0\u00bbcustom\u00a0\u00bb background_style=\u00a0\u00bbrounded\u00a0\u00bb background_color=\u00a0\u00bbwhite\u00a0\u00bb align=\u00a0\u00bbcenter\u00a0\u00bb custom_color=\u00a0\u00bb#000000&Prime;]\n\t<div class=\"title-subtitle-box \" style=\" text-align: center;\">\n\t\t<p style=\" color:rgba(255,255,255,0.7); \">Le restaurant<\/p>\n\t\t<h3 style=\" color:#ffffff;  font-weight: normal;\" >Salon Priv\u00e9<\/h3>\n\t<\/div> \n\t<div class=\"title-subtitle-box \" style=\" text-align: center;\">\n\t\t<p style=\" color:rgba(255,255,255,0.7); \">The restaurant<\/p>\n\t\t<h3 style=\" color:#ffffff;  font-weight: normal;\" >Private Dining<\/h3>\n\t<\/div> [vc_btn title=\u00a0\u00bbContactez-nous \/ Contact us\u00a0\u00bb style=\u00a0\u00bbcustom\u00a0\u00bb custom_background=\u00a0\u00bb#b0976d\u00a0\u00bb custom_text=\u00a0\u00bb#ffffff\u00a0\u00bb shape=\u00a0\u00bbsquare\u00a0\u00bb align=\u00a0\u00bbcenter\u00a0\u00bb link=\u00a0\u00bburl:https%3A%2F%2Fbistrotdusommelier.eu%2Fbds%2Fcontact%2F|title:Nous%20contacter\u00a0\u00bb][\/vc_column][\/vc_row][vc_row equal_height=\u00a0\u00bbyes\u00a0\u00bb content_placement=\u00a0\u00bbmiddle\u00a0\u00bb css=\u00a0\u00bb.vc_custom_1457626404907{padding-top: 0px !important;}\u00a0\u00bb][vc_column css=\u00a0\u00bb.vc_custom_1601243306992{padding-top: 10% !important;padding-right: 10% !important;padding-bottom: 10% !important;padding-left: 10% !important;background-color: #f1f1f1 !important;}\u00a0\u00bb offset=\u00a0\u00bbvc_col-lg-6 vc_col-md-6&Prime;]\n\t<div class=\"title-subtitle-box \" style=\" text-align: center;\">\n\t\t<p style=\"\">Menu<\/p>\n\t\t<h3 style=\" font-weight: normal;\" >Inspiration &amp; D\u00e9gustation<\/h3>\n\t<\/div> \n\t<div class=\"title-subtitle-box \" style=\" text-align: center;\">\n\t\t<p style=\"\">Menu<\/p>\n\t\t<h3 style=\" font-weight: normal;\" >Inspiration &amp; Tasting<\/h3>\n\t<\/div> [vc_btn title=\u00a0\u00bbEn savoir +\u00a0\u00bb style=\u00a0\u00bbcustom\u00a0\u00bb custom_background=\u00a0\u00bb#000000&Prime; custom_text=\u00a0\u00bb#ffffff\u00a0\u00bb shape=\u00a0\u00bbsquare\u00a0\u00bb align=\u00a0\u00bbcenter\u00a0\u00bb link=\u00a0\u00bburl:https%3A%2F%2Fbistrotdusommelier.eu%2Fbds%2Fcusine%2F|title:Menus%20%26%20Carte\u00a0\u00bb][\/vc_column][vc_column css=\u00a0\u00bb.vc_custom_1460370866457{margin-top: 0px !important;margin-right: 0px !important;margin-bottom: 0px !important;margin-left: 0px !important;padding-top: 0px !important;padding-right: 0px !important;padding-bottom: 0px !important;padding-left: 0px !important;}\u00a0\u00bb offset=\u00a0\u00bbvc_col-lg-6 vc_col-md-6&Prime;][vc_single_image image=\u00a0\u00bb1286&Prime; img_size=\u00a0\u00bbfull\u00a0\u00bb css=\u00a0\u00bb.vc_custom_1613376565251{margin-top: 0px !important;margin-right: 0px !important;margin-bottom: 0px !important;margin-left: 0px !important;padding-top: 0px !important;padding-right: 0px !important;padding-bottom: 0px !important;padding-left: 0px !important;}\u00a0\u00bb][\/vc_column][\/vc_row][vc_row css=\u00a0\u00bb.vc_custom_1466164975372{padding-top: 0px !important;padding-bottom: 60px !important;}\u00a0\u00bb][vc_column width=\u00a0\u00bb1\/2&Prime;]\n\t<div class=\"title-subtitle-box \" style=\" text-align: left;\">\n\t\t<p style=\"\">Restaurant<\/p>\n\t\t<h3 style=\" font-weight: normal;\" >Horaires D\u00e9jeuner \/ Lunch Hours<\/h3>\n\t<\/div> <div class=\"gg-horizontal-list \"><p class=\"subtitle\"><\/p><dl class=\"horizontal\">\n\t<dt >Lundi \/ Monday - Vendredi \/ Friday<\/dt>\n\t<dd >12:00 - 14:30<\/dd>\n\t<dt >Samedi \/ Saturday &amp; Dimanche \/ Sunday<\/dt>\n\t<dd >Ferm\u00e9 - Closed<\/dd><\/dl><\/div>[\/vc_column][vc_column width=\u00a0\u00bb1\/2&Prime;]\n\t<div class=\"title-subtitle-box \" style=\" text-align: left;\">\n\t\t<p style=\"\">Restaurant<\/p>\n\t\t<h3 style=\" font-weight: normal;\" >Horaires D\u00eener \/ Dinner Hours<\/h3>\n\t<\/div> <div class=\"gg-horizontal-list \"><p class=\"subtitle\"><\/p><dl class=\"horizontal\">\n\t<dt >Lundi \/ Monday - Vendredi \/ Friday<\/dt>\n\t<dd >19:00 - 22:30<\/dd>\n\t<dt >Samedi \/ Saturday &amp; Dimanche \/ Sunday<\/dt>\n\t<dd >Ferm\u00e9 - Closed<\/dd><\/dl><\/div>[\/vc_column][\/vc_row][vc_row full_width=\u00a0\u00bbstretch_row\u00a0\u00bb css=\u00a0\u00bb.vc_custom_1601244335420{padding-right: 10% !important;padding-left: 10% !important;background-color: #f1f1f1 !important;}\u00a0\u00bb][vc_column css=\u00a0\u00bb.vc_custom_1601244199663{padding-top: 0px !important;}\u00a0\u00bb]\n\t<div class=\"title-subtitle-box \" style=\" text-align: center;\">\n\t\t<p style=\"\">Restez connecter<\/p>\n\t\t<h3 style=\" font-weight: normal;\" >Inscrivez-vous \u00e0 la Newsletter<\/h3>\n\t<\/div> [vc_btn title=\u00a0\u00bbInscription\u00a0\u00bb style=\u00a0\u00bbcustom\u00a0\u00bb custom_background=\u00a0\u00bb#b0976d\u00a0\u00bb custom_text=\u00a0\u00bb#ffffff\u00a0\u00bb shape=\u00a0\u00bbsquare\u00a0\u00bb align=\u00a0\u00bbcenter\u00a0\u00bb link=\u00a0\u00bburl:https%3A%2F%2Fbistrotdusommelier.eu%2Fbds%2Fnewsletter%2F|title:Inscription%20%C3%A0%20la%20Newsletter\u00a0\u00bb css=\u00a0\u00bb.vc_custom_1623410081313{margin-bottom: 0px !important;}\u00a0\u00bb][\/vc_column][\/vc_row]<\/p>\n","protected":false},"excerpt":{"rendered":"<p>[vc_row equal_height=\u00a0\u00bbyes\u00a0\u00bb content_placement=\u00a0\u00bbmiddle\u00a0\u00bb css=\u00a0\u00bb.vc_custom_1640080567692{padding-top: 0px !important;padding-bottom: 0px !important;}\u00a0\u00bb][vc_column css=\u00a0\u00bb.vc_custom_1640080644581{padding-top: 10px !important;padding-right: 50px !important;padding-bottom: 10px !important;padding-left: 50px !important;background-color: #f1f1f1 !important;}\u00a0\u00bb offset=\u00a0\u00bbvc_col-lg-6 vc_col-md-6&Prime;][vc_column_text css=\u00a0\u00bb.vc_custom_1640080448053{margin-top: 0px !important;margin-right: 0px !important;margin-bottom: 0px !important;margin-left: 0px !important;border-top-width: 0px !important;border-right-width: 0px !important;border-bottom-width: 0px !important;border-left-width: 0px !important;padding-top: 0px !important;padding-right: 0px !important;padding-bottom: 0px !important;padding-left: 0px !important;}\u00a0\u00bb] C\u2019est au 97 Boulevard Haussmann que Philippe Faure-Brac \u00e9crit<br class=\"read-more-spacer\"> <a class=\"more-link\" href=\"https:\/\/bistrotdusommelier.eu\/bds\/le-bistrot\/\">Read More<\/a><\/p>\n","protected":false},"author":1,"featured_media":1540,"parent":0,"menu_order":0,"comment_status":"closed","ping_status":"closed","template":"","meta":{"footnotes":""},"class_list":["post-448","page","type-page","status-publish","has-post-thumbnail","hentry"],"_links":{"self":[{"href":"https:\/\/bistrotdusommelier.eu\/bds\/wp-json\/wp\/v2\/pages\/448","targetHints":{"allow":["GET"]}}],"collection":[{"href":"https:\/\/bistrotdusommelier.eu\/bds\/wp-json\/wp\/v2\/pages"}],"about":[{"href":"https:\/\/bistrotdusommelier.eu\/bds\/wp-json\/wp\/v2\/types\/page"}],"author":[{"embeddable":true,"href":"https:\/\/bistrotdusommelier.eu\/bds\/wp-json\/wp\/v2\/users\/1"}],"replies":[{"embeddable":true,"href":"https:\/\/bistrotdusommelier.eu\/bds\/wp-json\/wp\/v2\/comments?post=448"}],"version-history":[{"count":37,"href":"https:\/\/bistrotdusommelier.eu\/bds\/wp-json\/wp\/v2\/pages\/448\/revisions"}],"predecessor-version":[{"id":1578,"href":"https:\/\/bistrotdusommelier.eu\/bds\/wp-json\/wp\/v2\/pages\/448\/revisions\/1578"}],"wp:featuredmedia":[{"embeddable":true,"href":"https:\/\/bistrotdusommelier.eu\/bds\/wp-json\/wp\/v2\/media\/1540"}],"wp:attachment":[{"href":"https:\/\/bistrotdusommelier.eu\/bds\/wp-json\/wp\/v2\/media?parent=448"}],"curies":[{"name":"wp","href":"https:\/\/api.w.org\/{rel}","templated":true}]}}